{"id":986,"date":"2019-06-03T11:51:41","date_gmt":"2019-06-03T11:51:41","guid":{"rendered":"https:\/\/armazemdastropelias.pt\/?page_id=986"},"modified":"2025-03-27T17:40:47","modified_gmt":"2025-03-27T17:40:47","slug":"introducao-super-ferias-2","status":"publish","type":"page","link":"https:\/\/armazemdastropelias.pt\/?page_id=986","title":{"rendered":"Introdu\u00e7\u00e3o Super F\u00e9rias"},"content":{"rendered":"\t\t<div data-elementor-type=\"wp-page\" data-elementor-id=\"986\" class=\"elementor elementor-986\">\n\t\t\t\t\t\t<section class=\"elementor-section elementor-top-section elementor-element elementor-element-bf80626 elementor-section-boxed elementor-section-height-default elementor-section-height-default\" data-id=\"bf80626\" data-element_type=\"section\" data-e-type=\"section\">\n\t\t\t\t\t\t<div class=\"elementor-container elementor-column-gap-default\">\n\t\t\t\t\t<div class=\"elementor-column elementor-col-100 elementor-top-column elementor-element elementor-element-9bc8b5c\" data-id=\"9bc8b5c\" data-element_type=\"column\" data-e-type=\"column\">\n\t\t\t<div class=\"elementor-widget-wrap elementor-element-populated\">\n\t\t\t\t\t\t<div class=\"elementor-element elementor-element-6a2c2a9 elementor-widget-divider--view-line elementor-widget elementor-widget-divider\" data-id=\"6a2c2a9\" data-element_type=\"widget\" data-e-type=\"widget\" data-widget_type=\"divider.default\">\n\t\t\t\t<div class=\"elementor-widget-container\">\n\t\t\t\t\t\t\t<div class=\"elementor-divider\">\n\t\t\t<span class=\"elementor-divider-separator\">\n\t\t\t\t\t\t<\/span>\n\t\t<\/div>\n\t\t\t\t\t\t<\/div>\n\t\t\t\t<\/div>\n\t\t\t\t\t<\/div>\n\t\t<\/div>\n\t\t\t\t\t<\/div>\n\t\t<\/section>\n\t\t\t\t<section class=\"elementor-section elementor-top-section elementor-element elementor-element-22c83f17 elementor-section-boxed elementor-section-height-default elementor-section-height-default\" data-id=\"22c83f17\" data-element_type=\"section\" data-e-type=\"section\">\n\t\t\t\t\t\t<div class=\"elementor-container elementor-column-gap-default\">\n\t\t\t\t\t<div class=\"elementor-column elementor-col-100 elementor-top-column elementor-element elementor-element-2c8d460c\" data-id=\"2c8d460c\" data-element_type=\"column\" data-e-type=\"column\">\n\t\t\t<div class=\"elementor-widget-wrap elementor-element-populated\">\n\t\t\t\t\t\t<div class=\"elementor-element elementor-element-6148fba7 elementor-widget elementor-widget-text-editor\" data-id=\"6148fba7\" data-element_type=\"widget\" data-e-type=\"widget\" data-widget_type=\"text-editor.default\">\n\t\t\t\t<div class=\"elementor-widget-container\">\n\t\t\t\t\t\t\t\t\t<ul><li>As <strong>SUPER F\u00c9RIAS<\/strong> do ARMAZ\u00c9M DAS TROPELIAS \u00e9 um programa de atividades que junta o saber com o brincar, procurando proporcionar momentos bastante alegres e super enriquecedoras para todos.<\/li><li>Destinado a crian\u00e7as e jovens com idades\u00a0entre os 4 e os 12 anos, as actividades s\u00e3o muito divertidas mas ao tempo tamb\u00e9m se pode aprender algo de novo.<\/li><li>\u00c9 um programa muito ecl\u00e9tico com desenho semanal e comp\u00f5e-se de uma vasta gama de actividades para al\u00e9m das brincadeiras no nosso parque de divers\u00f5es, como ateliers de pintura ou reciclagem, ida \u00e0 praia, arte marcial, teatro, jogos, visita a empresas da zona&#8230;<\/li><li><strong>O programa de f\u00e9rias tem inicio a 2 de Julho e decorre at\u00e9 14 de Setembro, de segunda a sexta-feira entre 8 e a 20 horas.<\/strong><\/li><li>O per\u00edodo de inscri\u00e7\u00f5es j\u00e1 come\u00e7ou \u00a0estando limitado \u00e0 capacidade e log\u00edstica do espa\u00e7o e podem ser feitas presencialmente nas nossas instala\u00e7\u00f5es ou atrav\u00e9s do formul\u00e1rio em baixo.<\/li><li>Ap\u00f3s submeter\u00a0o formul\u00e1rio, receber\u00e1 no seu endere\u00e7o de correio eletr\u00f3nico o IBAN para o qual dever\u00e1 fazer a transfer\u00eancia. S\u00f3 assim a sua inscri\u00e7\u00e3o ser\u00e1 validada.<\/li><li>O valor \u00e9 definido por semana mas h\u00e1 pre\u00e7os promocionais se optar por v\u00e1rias semanas. O pre\u00e7o inclui alimenta\u00e7\u00e3o (almo\u00e7o e 2 lanches di\u00e1rios), perman\u00eancia no espa\u00e7o, atividades, seguros e ida \u00e0 praia.<\/li><\/ul><h3>Solicite-nos o programa e os pre\u00e7os.<\/h3>\t\t\t\t\t\t\t\t<\/div>\n\t\t\t\t<\/div>\n\t\t\t\t\t<\/div>\n\t\t<\/div>\n\t\t\t\t\t<\/div>\n\t\t<\/section>\n\t\t\t\t<section class=\"elementor-section elementor-top-section elementor-element elementor-element-73a48f5 elementor-section-boxed elementor-section-height-default elementor-section-height-default\" data-id=\"73a48f5\" data-element_type=\"section\" data-e-type=\"section\">\n\t\t\t\t\t\t<div class=\"elementor-container elementor-column-gap-default\">\n\t\t\t\t\t<div class=\"elementor-column elementor-col-100 elementor-top-column elementor-element elementor-element-932afca\" data-id=\"932afca\" data-element_type=\"column\" data-e-type=\"column\">\n\t\t\t<div class=\"elementor-widget-wrap elementor-element-populated\">\n\t\t\t\t\t\t<div class=\"elementor-element elementor-element-b87ce2b elementor-widget-divider--view-line elementor-widget elementor-widget-divider\" data-id=\"b87ce2b\" data-element_type=\"widget\" data-e-type=\"widget\" data-widget_type=\"divider.default\">\n\t\t\t\t<div class=\"elementor-widget-container\">\n\t\t\t\t\t\t\t<div class=\"elementor-divider\">\n\t\t\t<span class=\"elementor-divider-separator\">\n\t\t\t\t\t\t<\/span>\n\t\t<\/div>\n\t\t\t\t\t\t<\/div>\n\t\t\t\t<\/div>\n\t\t\t\t\t<\/div>\n\t\t<\/div>\n\t\t\t\t\t<\/div>\n\t\t<\/section>\n\t\t\t\t<\/div>\n\t\t","protected":false},"excerpt":{"rendered":"<p>As SUPER F\u00c9RIAS do ARMAZ\u00c9M DAS TROPELIAS \u00e9 um programa de atividades que junta o saber com o brincar, procurando proporcionar momentos bastante alegres e super enriquecedoras para todos. Destinado a crian\u00e7as e jovens com idades\u00a0entre os 4 e os 12 anos, as actividades s\u00e3o muito divertidas mas ao tempo tamb\u00e9m se pode aprender algo&#8230;<\/p>\n","protected":false},"author":1,"featured_media":0,"parent":0,"menu_order":0,"comment_status":"closed","ping_status":"closed","template":"","meta":{"_kad_post_transparent":"","_kad_post_title":"","_kad_post_layout":"","_kad_post_sidebar_id":"","_kad_post_content_style":"","_kad_post_vertical_padding":"","_kad_post_feature":"","_kad_post_feature_position":"","_kad_post_header":false,"_kad_post_footer":false,"_kad_post_classname":"","footnotes":""},"class_list":["post-986","page","type-page","status-publish","hentry"],"_links":{"self":[{"href":"https:\/\/armazemdastropelias.pt\/index.php?rest_route=\/wp\/v2\/pages\/986","targetHints":{"allow":["GET"]}}],"collection":[{"href":"https:\/\/armazemdastropelias.pt\/index.php?rest_route=\/wp\/v2\/pages"}],"about":[{"href":"https:\/\/armazemdastropelias.pt\/index.php?rest_route=\/wp\/v2\/types\/page"}],"author":[{"embeddable":true,"href":"https:\/\/armazemdastropelias.pt\/index.php?rest_route=\/wp\/v2\/users\/1"}],"replies":[{"embeddable":true,"href":"https:\/\/armazemdastropelias.pt\/index.php?rest_route=%2Fwp%2Fv2%2Fcomments&post=986"}],"version-history":[{"count":6,"href":"https:\/\/armazemdastropelias.pt\/index.php?rest_route=\/wp\/v2\/pages\/986\/revisions"}],"predecessor-version":[{"id":1945,"href":"https:\/\/armazemdastropelias.pt\/index.php?rest_route=\/wp\/v2\/pages\/986\/revisions\/1945"}],"wp:attachment":[{"href":"https:\/\/armazemdastropelias.pt\/index.php?rest_route=%2Fwp%2Fv2%2Fmedia&parent=986"}],"curies":[{"name":"wp","href":"https:\/\/api.w.org\/{rel}","templated":true}]}}