{"id":659,"date":"2018-07-24T10:35:14","date_gmt":"2018-07-24T10:35:14","guid":{"rendered":"https:\/\/armazemdastropelias.pt\/wp\/?page_id=659"},"modified":"2025-04-17T23:42:19","modified_gmt":"2025-04-17T23:42:19","slug":"menus","status":"publish","type":"page","link":"https:\/\/armazemdastropelias.pt\/?page_id=659","title":{"rendered":"Menus"},"content":{"rendered":"\t\t<div data-elementor-type=\"wp-post\" data-elementor-id=\"659\" class=\"elementor elementor-659\">\n\t\t\t\t\t\t<section class=\"elementor-section elementor-top-section elementor-element elementor-element-7da2e21 elementor-section-boxed elementor-section-height-default elementor-section-height-default\" data-id=\"7da2e21\" data-element_type=\"section\" data-e-type=\"section\">\n\t\t\t\t\t\t<div class=\"elementor-container elementor-column-gap-default\">\n\t\t\t\t\t<div class=\"elementor-column elementor-col-100 elementor-top-column elementor-element elementor-element-d8a891e\" data-id=\"d8a891e\" data-element_type=\"column\" data-e-type=\"column\">\n\t\t\t<div class=\"elementor-widget-wrap elementor-element-populated\">\n\t\t\t\t\t\t<div class=\"elementor-element elementor-element-67fdb5c elementor-widget elementor-widget-heading\" data-id=\"67fdb5c\" data-element_type=\"widget\" data-e-type=\"widget\" data-widget_type=\"heading.default\">\n\t\t\t\t<div class=\"elementor-widget-container\">\n\t\t\t\t\t<h2 class=\"elementor-heading-title elementor-size-default\">O Armaz\u00e9m das Tropelias ofere\u00e7e 7 tipos de Menus para del\u00edcia da crian\u00e7ada.<\/h2>\t\t\t\t<\/div>\n\t\t\t\t<\/div>\n\t\t\t\t\t<\/div>\n\t\t<\/div>\n\t\t\t\t\t<\/div>\n\t\t<\/section>\n\t\t\t\t<section class=\"elementor-section elementor-top-section elementor-element elementor-element-32388d4 elementor-section-boxed elementor-section-height-default elementor-section-height-default\" data-id=\"32388d4\" data-element_type=\"section\" data-e-type=\"section\">\n\t\t\t\t\t\t<div class=\"elementor-container elementor-column-gap-default\">\n\t\t\t\t\t<div class=\"elementor-column elementor-col-100 elementor-top-column elementor-element elementor-element-215f495\" data-id=\"215f495\" data-element_type=\"column\" data-e-type=\"column\">\n\t\t\t<div class=\"elementor-widget-wrap elementor-element-populated\">\n\t\t\t\t\t\t<div class=\"elementor-element elementor-element-c0e8620 elementor-widget elementor-widget-heading\" data-id=\"c0e8620\" data-element_type=\"widget\" data-e-type=\"widget\" data-widget_type=\"heading.default\">\n\t\t\t\t<div class=\"elementor-widget-container\">\n\t\t\t\t\t<h2 class=\"elementor-heading-title elementor-size-default\">N\u00e3o dispensa a leitura das condi\u00e7\u00f5es no separador \"Festas de Anivers\u00e1rio\", op\u00e7\u00e3o \"Condi\u00e7\u00f5es Gerais\"<\/h2>\t\t\t\t<\/div>\n\t\t\t\t<\/div>\n\t\t\t\t\t<\/div>\n\t\t<\/div>\n\t\t\t\t\t<\/div>\n\t\t<\/section>\n\t\t\t\t<\/div>\n\t\t","protected":false},"excerpt":{"rendered":"<p>O Armaz\u00e9m das Tropelias ofere\u00e7e 7 tipos de Menus para del\u00edcia da crian\u00e7ada. N\u00e3o dispensa a leitura das condi\u00e7\u00f5es no separador &#8220;Festas de Anivers\u00e1rio&#8221;, op\u00e7\u00e3o &#8220;Condi\u00e7\u00f5es Gerais&#8221;<\/p>\n","protected":false},"author":1,"featured_media":0,"parent":0,"menu_order":0,"comment_status":"closed","ping_status":"closed","template":"","meta":{"_kad_post_transparent":"","_kad_post_title":"","_kad_post_layout":"","_kad_post_sidebar_id":"","_kad_post_content_style":"","_kad_post_vertical_padding":"","_kad_post_feature":"","_kad_post_feature_position":"","_kad_post_header":false,"_kad_post_footer":false,"_kad_post_classname":"","footnotes":""},"class_list":["post-659","page","type-page","status-publish","hentry"],"_links":{"self":[{"href":"https:\/\/armazemdastropelias.pt\/index.php?rest_route=\/wp\/v2\/pages\/659","targetHints":{"allow":["GET"]}}],"collection":[{"href":"https:\/\/armazemdastropelias.pt\/index.php?rest_route=\/wp\/v2\/pages"}],"about":[{"href":"https:\/\/armazemdastropelias.pt\/index.php?rest_route=\/wp\/v2\/types\/page"}],"author":[{"embeddable":true,"href":"https:\/\/armazemdastropelias.pt\/index.php?rest_route=\/wp\/v2\/users\/1"}],"replies":[{"embeddable":true,"href":"https:\/\/armazemdastropelias.pt\/index.php?rest_route=%2Fwp%2Fv2%2Fcomments&post=659"}],"version-history":[{"count":61,"href":"https:\/\/armazemdastropelias.pt\/index.php?rest_route=\/wp\/v2\/pages\/659\/revisions"}],"predecessor-version":[{"id":2309,"href":"https:\/\/armazemdastropelias.pt\/index.php?rest_route=\/wp\/v2\/pages\/659\/revisions\/2309"}],"wp:attachment":[{"href":"https:\/\/armazemdastropelias.pt\/index.php?rest_route=%2Fwp%2Fv2%2Fmedia&parent=659"}],"curies":[{"name":"wp","href":"https:\/\/api.w.org\/{rel}","templated":true}]}}