{"id":565,"date":"2018-06-21T00:41:30","date_gmt":"2018-06-21T00:41:30","guid":{"rendered":"https:\/\/armazemdastropelias.pt\/wp\/?page_id=565"},"modified":"2025-03-27T17:39:10","modified_gmt":"2025-03-27T17:39:10","slug":"informacao-pd","status":"publish","type":"page","link":"https:\/\/armazemdastropelias.pt\/?page_id=565","title":{"rendered":"Informa\u00e7\u00e3o"},"content":{"rendered":"\t\t<div data-elementor-type=\"wp-page\" data-elementor-id=\"565\" class=\"elementor elementor-565\">\n\t\t\t\t\t\t<section class=\"elementor-section elementor-top-section elementor-element elementor-element-61b07a8 elementor-section-boxed elementor-section-height-default elementor-section-height-default\" data-id=\"61b07a8\" data-element_type=\"section\" data-e-type=\"section\">\n\t\t\t\t\t\t<div class=\"elementor-container elementor-column-gap-default\">\n\t\t\t\t\t<div class=\"elementor-column elementor-col-100 elementor-top-column elementor-element elementor-element-1d49954\" data-id=\"1d49954\" data-element_type=\"column\" data-e-type=\"column\">\n\t\t\t<div class=\"elementor-widget-wrap elementor-element-populated\">\n\t\t\t\t\t\t<div class=\"elementor-element elementor-element-e1c5913 elementor-widget-divider--view-line elementor-widget elementor-widget-divider\" data-id=\"e1c5913\" data-element_type=\"widget\" data-e-type=\"widget\" data-widget_type=\"divider.default\">\n\t\t\t\t<div class=\"elementor-widget-container\">\n\t\t\t\t\t\t\t<div class=\"elementor-divider\">\n\t\t\t<span class=\"elementor-divider-separator\">\n\t\t\t\t\t\t<\/span>\n\t\t<\/div>\n\t\t\t\t\t\t<\/div>\n\t\t\t\t<\/div>\n\t\t\t\t\t<\/div>\n\t\t<\/div>\n\t\t\t\t\t<\/div>\n\t\t<\/section>\n\t\t\t\t<section class=\"elementor-section elementor-top-section elementor-element elementor-element-6b7dda75 elementor-section-boxed elementor-section-height-default elementor-section-height-default\" data-id=\"6b7dda75\" data-element_type=\"section\" data-e-type=\"section\">\n\t\t\t\t\t\t<div class=\"elementor-container elementor-column-gap-default\">\n\t\t\t\t\t<div class=\"elementor-column elementor-col-100 elementor-top-column elementor-element elementor-element-2f3e411b\" data-id=\"2f3e411b\" data-element_type=\"column\" data-e-type=\"column\">\n\t\t\t<div class=\"elementor-widget-wrap elementor-element-populated\">\n\t\t\t\t\t\t<div class=\"elementor-element elementor-element-1b5fc2d9 elementor-widget elementor-widget-text-editor\" data-id=\"1b5fc2d9\" data-element_type=\"widget\" data-e-type=\"widget\" data-widget_type=\"text-editor.default\">\n\t\t\t\t<div class=\"elementor-widget-container\">\n\t\t\t\t\t\t\t\t\t<p>Situado na Zona Industrial da Ortigosa o ARMAZ\u00c9M DAS TROPELIAS \u00e9 um parque coberto de actividades l\u00fadicas e de entretenimento, que foi pensado e criado para tomar a sua crian\u00e7a super feliz. \u00c9 um parque de divers\u00f5es para toda a fam\u00edlia, dado que crian\u00e7as e adultos podem brincar e interagir proporcionando magn\u00edficos momentos em fam\u00edlia.<\/p><p>Este para\u00edso de divers\u00e3o \u00e9 um local de sonho e brincadeira, onde cada crian\u00e7a poder\u00e1 extravasar as suas energias, permitindo desenvolver ao mesmo tempo a sua capacidade motora, comunicativa e de relacionamento social.<\/p><p>Dispomos de um moderno playground, de uma pista de carros, de um Insufl\u00e1vel de 7 metros, de um campo de futebol e de um trampolim. Para os menores de 3 anos temos \u00e0 sua inteira disposi\u00e7\u00e3o 30 metros quadrados de entretenimento em que os pais e\\ou familiares ter\u00e3o um papel importante de supervisionamento. Em todos o recinto est\u00e1 garantida divers\u00e3o total e com toda a seguran\u00e7a, pois todo o espa\u00e7o e equipamentos foram concebidos de acordo com as normas e directivas de seguran\u00e7a nacionais e internacionais.<\/p><p>Fa\u00e7a-nos uma visita e venha desfrutar de uma horas bem divertidas com a sua pequenada.<\/p><p>Os pais se preferirem podem aguardar calmamente no nosso espa\u00e7o enquanto leem o jornal ou navegam com o nosso wifi gratuito (embora n\u00e3o aconselhemos pois \u00e9 um local para conviver&#8230;).<\/p><p><strong>INFORMA\u00c7\u00d5ES \u00daTEIS\u00a0<\/strong><\/p><ul><li>\u00c9 obrigat\u00f3rio o uso de meias.<\/li><li>Em dia de anivers\u00e1rio a crian\u00e7a tem direito a uma hora gr\u00e1tis no nosso parque!!!<\/li><\/ul><p><strong>HOR\u00c1RIO<\/strong><\/p><ul><li>Aberto de Segunda a Sexta da 15:00 \u00e0s 20:00.<\/li><li>Fins-de-semana e feriados das 10:00 \u00e0s 13:00 e das 14:00 \u00e0s 20:00<\/li><\/ul><p><strong>PRE\u00c7O HORA<\/strong><\/p><ul><li>6.50\u20ac (fim-de-semana e feriados)<\/li><li>5.00\u20ac (semana)<\/li><li>Amplo parque de estacionamento.<\/li><\/ul><p>Pre\u00e7os especiais para escolas.<\/p><p>Contacte-nos.<\/p>\t\t\t\t\t\t\t\t<\/div>\n\t\t\t\t<\/div>\n\t\t\t\t\t<\/div>\n\t\t<\/div>\n\t\t\t\t\t<\/div>\n\t\t<\/section>\n\t\t\t\t<section class=\"elementor-section elementor-top-section elementor-element elementor-element-8bad30a elementor-section-boxed elementor-section-height-default elementor-section-height-default\" data-id=\"8bad30a\" data-element_type=\"section\" data-e-type=\"section\">\n\t\t\t\t\t\t<div class=\"elementor-container elementor-column-gap-default\">\n\t\t\t\t\t<div class=\"elementor-column elementor-col-100 elementor-top-column elementor-element elementor-element-f55da48\" data-id=\"f55da48\" data-element_type=\"column\" data-e-type=\"column\">\n\t\t\t<div class=\"elementor-widget-wrap elementor-element-populated\">\n\t\t\t\t\t\t<div class=\"elementor-element elementor-element-566a845 elementor-widget-divider--view-line elementor-widget elementor-widget-divider\" data-id=\"566a845\" data-element_type=\"widget\" data-e-type=\"widget\" data-widget_type=\"divider.default\">\n\t\t\t\t<div class=\"elementor-widget-container\">\n\t\t\t\t\t\t\t<div class=\"elementor-divider\">\n\t\t\t<span class=\"elementor-divider-separator\">\n\t\t\t\t\t\t<\/span>\n\t\t<\/div>\n\t\t\t\t\t\t<\/div>\n\t\t\t\t<\/div>\n\t\t\t\t\t<\/div>\n\t\t<\/div>\n\t\t\t\t\t<\/div>\n\t\t<\/section>\n\t\t\t\t<\/div>\n\t\t","protected":false},"excerpt":{"rendered":"<p>Situado na Zona Industrial da Ortigosa o ARMAZ\u00c9M DAS TROPELIAS \u00e9 um parque coberto de actividades l\u00fadicas e de entretenimento, que foi pensado e criado para tomar a sua crian\u00e7a super feliz. \u00c9 um parque de divers\u00f5es para toda a fam\u00edlia, dado que crian\u00e7as e adultos podem brincar e interagir proporcionando magn\u00edficos momentos em fam\u00edlia&#8230;.<\/p>\n","protected":false},"author":1,"featured_media":0,"parent":0,"menu_order":0,"comment_status":"closed","ping_status":"closed","template":"","meta":{"_kad_post_transparent":"","_kad_post_title":"","_kad_post_layout":"","_kad_post_sidebar_id":"","_kad_post_content_style":"","_kad_post_vertical_padding":"","_kad_post_feature":"","_kad_post_feature_position":"","_kad_post_header":false,"_kad_post_footer":false,"_kad_post_classname":"","footnotes":""},"class_list":["post-565","page","type-page","status-publish","hentry"],"_links":{"self":[{"href":"https:\/\/armazemdastropelias.pt\/index.php?rest_route=\/wp\/v2\/pages\/565","targetHints":{"allow":["GET"]}}],"collection":[{"href":"https:\/\/armazemdastropelias.pt\/index.php?rest_route=\/wp\/v2\/pages"}],"about":[{"href":"https:\/\/armazemdastropelias.pt\/index.php?rest_route=\/wp\/v2\/types\/page"}],"author":[{"embeddable":true,"href":"https:\/\/armazemdastropelias.pt\/index.php?rest_route=\/wp\/v2\/users\/1"}],"replies":[{"embeddable":true,"href":"https:\/\/armazemdastropelias.pt\/index.php?rest_route=%2Fwp%2Fv2%2Fcomments&post=565"}],"version-history":[{"count":13,"href":"https:\/\/armazemdastropelias.pt\/index.php?rest_route=\/wp\/v2\/pages\/565\/revisions"}],"predecessor-version":[{"id":1942,"href":"https:\/\/armazemdastropelias.pt\/index.php?rest_route=\/wp\/v2\/pages\/565\/revisions\/1942"}],"wp:attachment":[{"href":"https:\/\/armazemdastropelias.pt\/index.php?rest_route=%2Fwp%2Fv2%2Fmedia&parent=565"}],"curies":[{"name":"wp","href":"https:\/\/api.w.org\/{rel}","templated":true}]}}