{"id":2008,"date":"2025-03-27T18:23:27","date_gmt":"2025-03-27T18:23:27","guid":{"rendered":"https:\/\/armazemdastropelias.pt\/?page_id=2008"},"modified":"2025-12-22T23:45:05","modified_gmt":"2025-12-22T23:45:05","slug":"inicio","status":"publish","type":"page","link":"https:\/\/armazemdastropelias.pt\/","title":{"rendered":"Inicio"},"content":{"rendered":"\t\t<div data-elementor-type=\"wp-page\" data-elementor-id=\"2008\" class=\"elementor elementor-2008\">\n\t\t\t\t\t\t<section class=\"elementor-section elementor-top-section elementor-element elementor-element-714b7d8 elementor-section-full_width elementor-section-height-default elementor-section-height-default\" data-id=\"714b7d8\" data-element_type=\"section\" data-e-type=\"section\">\n\t\t\t\t\t\t<div class=\"elementor-container elementor-column-gap-default\">\n\t\t\t\t\t<div class=\"elementor-column elementor-col-100 elementor-top-column elementor-element elementor-element-7970797\" data-id=\"7970797\" data-element_type=\"column\" data-e-type=\"column\">\n\t\t\t<div class=\"elementor-widget-wrap elementor-element-populated\">\n\t\t\t\t\t\t<div class=\"elementor-element elementor-element-322fcea elementor-widget-divider--view-line elementor-widget elementor-widget-divider\" data-id=\"322fcea\" data-element_type=\"widget\" data-e-type=\"widget\" data-widget_type=\"divider.default\">\n\t\t\t\t<div class=\"elementor-widget-container\">\n\t\t\t\t\t\t\t<div class=\"elementor-divider\">\n\t\t\t<span class=\"elementor-divider-separator\">\n\t\t\t\t\t\t<\/span>\n\t\t<\/div>\n\t\t\t\t\t\t<\/div>\n\t\t\t\t<\/div>\n\t\t\t\t\t<\/div>\n\t\t<\/div>\n\t\t\t\t\t<\/div>\n\t\t<\/section>\n\t\t\t\t<section class=\"elementor-section elementor-top-section elementor-element elementor-element-84bf608 elementor-section-full_width elementor-section-height-default elementor-section-height-default\" data-id=\"84bf608\" data-element_type=\"section\" data-e-type=\"section\">\n\t\t\t\t\t\t<div class=\"elementor-container elementor-column-gap-default\">\n\t\t\t\t\t<div class=\"elementor-column elementor-col-100 elementor-top-column elementor-element elementor-element-7f98bad\" data-id=\"7f98bad\" data-element_type=\"column\" data-e-type=\"column\">\n\t\t\t<div class=\"elementor-widget-wrap elementor-element-populated\">\n\t\t\t\t\t\t<div class=\"elementor-element elementor-element-876ab26 elementor-widget elementor-widget-image\" data-id=\"876ab26\" data-element_type=\"widget\" data-e-type=\"widget\" data-widget_type=\"image.default\">\n\t\t\t\t<div class=\"elementor-widget-container\">\n\t\t\t\t\t\t\t\t\t\t\t\t\t\t\t<img fetchpriority=\"high\" decoding=\"async\" width=\"2000\" height=\"600\" src=\"https:\/\/armazemdastropelias.pt\/wp\/wp-content\/uploads\/2018\/12\/fundo-natal-t2-1.jpg\" class=\"attachment-full size-full wp-image-966\" alt=\"\" srcset=\"https:\/\/armazemdastropelias.pt\/wp\/wp-content\/uploads\/2018\/12\/fundo-natal-t2-1.jpg 2000w, https:\/\/armazemdastropelias.pt\/wp\/wp-content\/uploads\/2018\/12\/fundo-natal-t2-1-300x90.jpg 300w, https:\/\/armazemdastropelias.pt\/wp\/wp-content\/uploads\/2018\/12\/fundo-natal-t2-1-768x230.jpg 768w, https:\/\/armazemdastropelias.pt\/wp\/wp-content\/uploads\/2018\/12\/fundo-natal-t2-1-1024x307.jpg 1024w\" sizes=\"(max-width: 2000px) 100vw, 2000px\" \/>\t\t\t\t\t\t\t\t\t\t\t\t\t\t\t<\/div>\n\t\t\t\t<\/div>\n\t\t\t\t\t<\/div>\n\t\t<\/div>\n\t\t\t\t\t<\/div>\n\t\t<\/section>\n\t\t\t\t<section class=\"elementor-section elementor-top-section elementor-element elementor-element-43ad1e2 elementor-section-full_width elementor-section-height-default elementor-section-height-default\" data-id=\"43ad1e2\" data-element_type=\"section\" data-e-type=\"section\">\n\t\t\t\t\t\t<div class=\"elementor-container elementor-column-gap-default\">\n\t\t\t\t\t<div class=\"elementor-column elementor-col-100 elementor-top-column elementor-element elementor-element-7cbf408\" data-id=\"7cbf408\" data-element_type=\"column\" data-e-type=\"column\">\n\t\t\t<div class=\"elementor-widget-wrap elementor-element-populated\">\n\t\t\t\t\t\t<div class=\"elementor-element elementor-element-25fe9a3 elementor-widget-divider--view-line elementor-widget elementor-widget-divider\" data-id=\"25fe9a3\" data-element_type=\"widget\" data-e-type=\"widget\" data-widget_type=\"divider.default\">\n\t\t\t\t<div class=\"elementor-widget-container\">\n\t\t\t\t\t\t\t<div class=\"elementor-divider\">\n\t\t\t<span class=\"elementor-divider-separator\">\n\t\t\t\t\t\t<\/span>\n\t\t<\/div>\n\t\t\t\t\t\t<\/div>\n\t\t\t\t<\/div>\n\t\t\t\t\t<\/div>\n\t\t<\/div>\n\t\t\t\t\t<\/div>\n\t\t<\/section>\n\t\t\t\t<section class=\"elementor-section elementor-top-section elementor-element elementor-element-68f61d5 elementor-section-boxed elementor-section-height-default elementor-section-height-default\" data-id=\"68f61d5\" data-element_type=\"section\" data-e-type=\"section\">\n\t\t\t\t\t\t<div class=\"elementor-container elementor-column-gap-default\">\n\t\t\t\t\t<div class=\"elementor-column elementor-col-100 elementor-top-column elementor-element elementor-element-15a0d35\" data-id=\"15a0d35\" data-element_type=\"column\" data-e-type=\"column\">\n\t\t\t<div class=\"elementor-widget-wrap elementor-element-populated\">\n\t\t\t\t\t\t<div class=\"elementor-element elementor-element-6dd8ec0 elementor-widget elementor-widget-spacer\" data-id=\"6dd8ec0\" data-element_type=\"widget\" data-e-type=\"widget\" data-widget_type=\"spacer.default\">\n\t\t\t\t<div class=\"elementor-widget-container\">\n\t\t\t\t\t\t\t<div class=\"elementor-spacer\">\n\t\t\t<div class=\"elementor-spacer-inner\"><\/div>\n\t\t<\/div>\n\t\t\t\t\t\t<\/div>\n\t\t\t\t<\/div>\n\t\t\t\t\t<\/div>\n\t\t<\/div>\n\t\t\t\t\t<\/div>\n\t\t<\/section>\n\t\t\t\t<section class=\"elementor-section elementor-top-section elementor-element elementor-element-8e302e2 elementor-section-full_width elementor-section-height-default elementor-section-height-default\" data-id=\"8e302e2\" data-element_type=\"section\" data-e-type=\"section\">\n\t\t\t\t\t\t<div class=\"elementor-container elementor-column-gap-default\">\n\t\t\t\t\t<div class=\"elementor-column elementor-col-100 elementor-top-column elementor-element elementor-element-3c78bd0\" data-id=\"3c78bd0\" data-element_type=\"column\" data-e-type=\"column\">\n\t\t\t<div class=\"elementor-widget-wrap elementor-element-populated\">\n\t\t\t\t\t\t<div class=\"elementor-element elementor-element-68f5b5d elementor-widget elementor-widget-heading\" data-id=\"68f5b5d\" data-element_type=\"widget\" data-e-type=\"widget\" data-widget_type=\"heading.default\">\n\t\t\t\t<div class=\"elementor-widget-container\">\n\t\t\t\t\t<h2 class=\"elementor-heading-title elementor-size-default\">As Nossas Tropelias<\/h2>\t\t\t\t<\/div>\n\t\t\t\t<\/div>\n\t\t\t\t\t<\/div>\n\t\t<\/div>\n\t\t\t\t\t<\/div>\n\t\t<\/section>\n\t\t\t\t<section class=\"elementor-section elementor-top-section elementor-element elementor-element-4fa85c5 elementor-section-boxed elementor-section-height-default elementor-section-height-default\" data-id=\"4fa85c5\" data-element_type=\"section\" data-e-type=\"section\">\n\t\t\t\t\t\t<div class=\"elementor-container elementor-column-gap-default\">\n\t\t\t\t\t<div class=\"elementor-column elementor-col-100 elementor-top-column elementor-element elementor-element-3430e02\" data-id=\"3430e02\" data-element_type=\"column\" data-e-type=\"column\">\n\t\t\t<div class=\"elementor-widget-wrap elementor-element-populated\">\n\t\t\t\t\t\t<div class=\"elementor-element elementor-element-109a7ec elementor-widget elementor-widget-spacer\" data-id=\"109a7ec\" data-element_type=\"widget\" data-e-type=\"widget\" data-widget_type=\"spacer.default\">\n\t\t\t\t<div class=\"elementor-widget-container\">\n\t\t\t\t\t\t\t<div class=\"elementor-spacer\">\n\t\t\t<div class=\"elementor-spacer-inner\"><\/div>\n\t\t<\/div>\n\t\t\t\t\t\t<\/div>\n\t\t\t\t<\/div>\n\t\t\t\t\t<\/div>\n\t\t<\/div>\n\t\t\t\t\t<\/div>\n\t\t<\/section>\n\t\t\t\t<section class=\"elementor-section elementor-top-section elementor-element elementor-element-da75552 elementor-section-boxed elementor-section-height-default elementor-section-height-default\" data-id=\"da75552\" data-element_type=\"section\" data-e-type=\"section\" data-settings=\"{&quot;animation&quot;:&quot;none&quot;}\">\n\t\t\t\t\t\t<div class=\"elementor-container elementor-column-gap-default\">\n\t\t\t\t\t<div class=\"elementor-column elementor-col-33 elementor-top-column elementor-element elementor-element-4c2312b\" data-id=\"4c2312b\" data-element_type=\"column\" data-e-type=\"column\">\n\t\t\t<div class=\"elementor-widget-wrap elementor-element-populated\">\n\t\t\t\t\t\t<div class=\"elementor-element elementor-element-d0581b5 elementor-position-top elementor-widget elementor-widget-image-box\" data-id=\"d0581b5\" data-element_type=\"widget\" data-e-type=\"widget\" data-settings=\"{&quot;_animation&quot;:&quot;none&quot;}\" data-widget_type=\"image-box.default\">\n\t\t\t\t<div class=\"elementor-widget-container\">\n\t\t\t\t\t<div class=\"elementor-image-box-wrapper\"><figure class=\"elementor-image-box-img\"><img decoding=\"async\" width=\"300\" height=\"300\" src=\"https:\/\/armazemdastropelias.pt\/wp\/wp-content\/uploads\/2025\/03\/estudar-300x300.png\" class=\"elementor-animation-rotate attachment-medium size-medium wp-image-1596\" alt=\"\" srcset=\"https:\/\/armazemdastropelias.pt\/wp\/wp-content\/uploads\/2025\/03\/estudar-300x300.png 300w, https:\/\/armazemdastropelias.pt\/wp\/wp-content\/uploads\/2025\/03\/estudar-150x150.png 150w, https:\/\/armazemdastropelias.pt\/wp\/wp-content\/uploads\/2025\/03\/estudar.png 543w\" sizes=\"(max-width: 300px) 100vw, 300px\" \/><\/figure><div class=\"elementor-image-box-content\"><h3 class=\"elementor-image-box-title\">Centro de Estudos<\/h3><p class=\"elementor-image-box-description\">Por forma a uma melhoria constante da sua autoestima, o aluno \u00e9 encorajado a envolver-se coma as mat\u00e9rias.\nDo 1\u00ba ao 12\u00ba Ano.\nOp\u00e7\u00e3o de Transporte Escolar.\n\n\n\n<\/p><\/div><\/div>\t\t\t\t<\/div>\n\t\t\t\t<\/div>\n\t\t\t\t\t<\/div>\n\t\t<\/div>\n\t\t\t\t<div class=\"elementor-column elementor-col-33 elementor-top-column elementor-element elementor-element-7624489\" data-id=\"7624489\" data-element_type=\"column\" data-e-type=\"column\">\n\t\t\t<div class=\"elementor-widget-wrap elementor-element-populated\">\n\t\t\t\t\t\t<div class=\"elementor-element elementor-element-c437e8d elementor-position-top elementor-widget elementor-widget-image-box\" data-id=\"c437e8d\" data-element_type=\"widget\" data-e-type=\"widget\" data-settings=\"{&quot;_animation&quot;:&quot;none&quot;}\" data-widget_type=\"image-box.default\">\n\t\t\t\t<div class=\"elementor-widget-container\">\n\t\t\t\t\t<div class=\"elementor-image-box-wrapper\"><figure class=\"elementor-image-box-img\"><img decoding=\"async\" width=\"300\" height=\"300\" src=\"https:\/\/armazemdastropelias.pt\/wp\/wp-content\/uploads\/2025\/03\/ferias-300x300.png\" class=\"elementor-animation-rotate attachment-medium size-medium wp-image-1597\" alt=\"\" srcset=\"https:\/\/armazemdastropelias.pt\/wp\/wp-content\/uploads\/2025\/03\/ferias-300x300.png 300w, https:\/\/armazemdastropelias.pt\/wp\/wp-content\/uploads\/2025\/03\/ferias-150x150.png 150w, https:\/\/armazemdastropelias.pt\/wp\/wp-content\/uploads\/2025\/03\/ferias.png 544w\" sizes=\"(max-width: 300px) 100vw, 300px\" \/><\/figure><div class=\"elementor-image-box-content\"><h3 class=\"elementor-image-box-title\">Festas de Anivers\u00e1rio<\/h3><p class=\"elementor-image-box-description\">Em todos o recinto est\u00e1 garantida divers\u00e3o total com toda a seguran\u00e7a, com as normas nacionais e internacionais. O aniversario \u00e9 um dia muito especial! Festeja-lo connosco vai torna-lo \u00fanico. V\u00e1rios menus e op\u00e7\u00f5es \u00e0 disposi\u00e7\u00e3o. O aniversariante \u00e9 nosso convidado. Fazemos quest\u00e3o!<\/p><\/div><\/div>\t\t\t\t<\/div>\n\t\t\t\t<\/div>\n\t\t\t\t\t<\/div>\n\t\t<\/div>\n\t\t\t\t<div class=\"elementor-column elementor-col-33 elementor-top-column elementor-element elementor-element-f008448\" data-id=\"f008448\" data-element_type=\"column\" data-e-type=\"column\">\n\t\t\t<div class=\"elementor-widget-wrap elementor-element-populated\">\n\t\t\t\t\t\t<div class=\"elementor-element elementor-element-c2694b7 elementor-position-top elementor-widget elementor-widget-image-box\" data-id=\"c2694b7\" data-element_type=\"widget\" data-e-type=\"widget\" data-settings=\"{&quot;_animation&quot;:&quot;none&quot;}\" data-widget_type=\"image-box.default\">\n\t\t\t\t<div class=\"elementor-widget-container\">\n\t\t\t\t\t<div class=\"elementor-image-box-wrapper\"><figure class=\"elementor-image-box-img\"><img loading=\"lazy\" decoding=\"async\" width=\"300\" height=\"300\" src=\"https:\/\/armazemdastropelias.pt\/wp\/wp-content\/uploads\/2025\/03\/brincar-300x300.png\" class=\"elementor-animation-rotate attachment-medium size-medium wp-image-1598\" alt=\"\" srcset=\"https:\/\/armazemdastropelias.pt\/wp\/wp-content\/uploads\/2025\/03\/brincar-300x300.png 300w, https:\/\/armazemdastropelias.pt\/wp\/wp-content\/uploads\/2025\/03\/brincar-150x150.png 150w, https:\/\/armazemdastropelias.pt\/wp\/wp-content\/uploads\/2025\/03\/brincar.png 543w\" sizes=\"(max-width: 300px) 100vw, 300px\" \/><\/figure><div class=\"elementor-image-box-content\"><h3 class=\"elementor-image-box-title\">Atividades Extra Curriculares<\/h3><p class=\"elementor-image-box-description\">\u00c9 um programa de atividades que junta o saber com o brincar, proporcionando momentos bastante alegres. O \"Tempo\" e a \"Log\u00edstica\" s\u00e3o aspectos a considerar pelas fam\u00edlias modernas. Dispomos de v\u00e1rias actividades, ministradas pelos melhores profissionais de cada \u00e1rea. Para crian\u00e7as e adultos.<\/p><\/div><\/div>\t\t\t\t<\/div>\n\t\t\t\t<\/div>\n\t\t\t\t\t<\/div>\n\t\t<\/div>\n\t\t\t\t\t<\/div>\n\t\t<\/section>\n\t\t\t\t<section class=\"elementor-section elementor-top-section elementor-element elementor-element-4d51fe6 elementor-section-full_width elementor-section-height-default elementor-section-height-default\" data-id=\"4d51fe6\" data-element_type=\"section\" data-e-type=\"section\">\n\t\t\t\t\t\t<div class=\"elementor-container elementor-column-gap-default\">\n\t\t\t\t\t<div class=\"elementor-column elementor-col-100 elementor-top-column elementor-element elementor-element-c051fa3\" data-id=\"c051fa3\" data-element_type=\"column\" data-e-type=\"column\">\n\t\t\t<div class=\"elementor-widget-wrap elementor-element-populated\">\n\t\t\t\t\t\t<div class=\"elementor-element elementor-element-f684218 elementor-widget elementor-widget-spacer\" data-id=\"f684218\" data-element_type=\"widget\" data-e-type=\"widget\" data-widget_type=\"spacer.default\">\n\t\t\t\t<div class=\"elementor-widget-container\">\n\t\t\t\t\t\t\t<div class=\"elementor-spacer\">\n\t\t\t<div class=\"elementor-spacer-inner\"><\/div>\n\t\t<\/div>\n\t\t\t\t\t\t<\/div>\n\t\t\t\t<\/div>\n\t\t\t\t\t<\/div>\n\t\t<\/div>\n\t\t\t\t\t<\/div>\n\t\t<\/section>\n\t\t\t\t<section class=\"elementor-section elementor-top-section elementor-element elementor-element-c91c44b elementor-section-boxed elementor-section-height-default elementor-section-height-default\" data-id=\"c91c44b\" data-element_type=\"section\" data-e-type=\"section\">\n\t\t\t\t\t\t<div class=\"elementor-container elementor-column-gap-default\">\n\t\t\t\t\t<div class=\"elementor-column elementor-col-100 elementor-top-column elementor-element elementor-element-74ebc9d\" data-id=\"74ebc9d\" data-element_type=\"column\" data-e-type=\"column\">\n\t\t\t<div class=\"elementor-widget-wrap elementor-element-populated\">\n\t\t\t\t\t\t<div class=\"elementor-element elementor-element-4ccd86a elementor-widget-divider--view-line elementor-widget elementor-widget-divider\" data-id=\"4ccd86a\" data-element_type=\"widget\" data-e-type=\"widget\" data-widget_type=\"divider.default\">\n\t\t\t\t<div class=\"elementor-widget-container\">\n\t\t\t\t\t\t\t<div class=\"elementor-divider\">\n\t\t\t<span class=\"elementor-divider-separator\">\n\t\t\t\t\t\t<\/span>\n\t\t<\/div>\n\t\t\t\t\t\t<\/div>\n\t\t\t\t<\/div>\n\t\t\t\t\t<\/div>\n\t\t<\/div>\n\t\t\t\t\t<\/div>\n\t\t<\/section>\n\t\t\t\t<\/div>\n\t\t","protected":false},"excerpt":{"rendered":"<p>As Nossas Tropelias Centro de Estudos Por forma a uma melhoria constante da sua autoestima, o aluno \u00e9 encorajado a envolver-se coma as mat\u00e9rias. Do 1\u00ba ao 12\u00ba Ano. Op\u00e7\u00e3o de Transporte Escolar. Festas de Anivers\u00e1rio Em todos o recinto est\u00e1 garantida divers\u00e3o total com toda a seguran\u00e7a, com as normas nacionais e internacionais. O&#8230;<\/p>\n","protected":false},"author":1,"featured_media":0,"parent":0,"menu_order":0,"comment_status":"closed","ping_status":"closed","template":"","meta":{"_kad_post_transparent":"default","_kad_post_title":"hide","_kad_post_layout":"fullwidth","_kad_post_sidebar_id":"","_kad_post_content_style":"unboxed","_kad_post_vertical_padding":"hide","_kad_post_feature":"hide","_kad_post_feature_position":"","_kad_post_header":false,"_kad_post_footer":false,"_kad_post_classname":"","footnotes":""},"class_list":["post-2008","page","type-page","status-publish","hentry"],"_links":{"self":[{"href":"https:\/\/armazemdastropelias.pt\/index.php?rest_route=\/wp\/v2\/pages\/2008","targetHints":{"allow":["GET"]}}],"collection":[{"href":"https:\/\/armazemdastropelias.pt\/index.php?rest_route=\/wp\/v2\/pages"}],"about":[{"href":"https:\/\/armazemdastropelias.pt\/index.php?rest_route=\/wp\/v2\/types\/page"}],"author":[{"embeddable":true,"href":"https:\/\/armazemdastropelias.pt\/index.php?rest_route=\/wp\/v2\/users\/1"}],"replies":[{"embeddable":true,"href":"https:\/\/armazemdastropelias.pt\/index.php?rest_route=%2Fwp%2Fv2%2Fcomments&post=2008"}],"version-history":[{"count":53,"href":"https:\/\/armazemdastropelias.pt\/index.php?rest_route=\/wp\/v2\/pages\/2008\/revisions"}],"predecessor-version":[{"id":2316,"href":"https:\/\/armazemdastropelias.pt\/index.php?rest_route=\/wp\/v2\/pages\/2008\/revisions\/2316"}],"wp:attachment":[{"href":"https:\/\/armazemdastropelias.pt\/index.php?rest_route=%2Fwp%2Fv2%2Fmedia&parent=2008"}],"curies":[{"name":"wp","href":"https:\/\/api.w.org\/{rel}","templated":true}]}}