{"id":146,"date":"2018-06-17T10:53:55","date_gmt":"2018-06-17T10:53:55","guid":{"rendered":"https:\/\/armazemdastropelias.pt\/wp\/?page_id=146"},"modified":"2025-03-27T17:22:36","modified_gmt":"2025-03-27T17:22:36","slug":"apoio-escolar","status":"publish","type":"page","link":"https:\/\/armazemdastropelias.pt\/?page_id=146","title":{"rendered":"Apoio Escolar"},"content":{"rendered":"\t\t<div data-elementor-type=\"wp-page\" data-elementor-id=\"146\" class=\"elementor elementor-146\">\n\t\t\t\t\t\t<section class=\"elementor-section elementor-top-section elementor-element elementor-element-16c075d elementor-section-boxed elementor-section-height-default elementor-section-height-default\" data-id=\"16c075d\" data-element_type=\"section\" data-e-type=\"section\">\n\t\t\t\t\t\t<div class=\"elementor-container elementor-column-gap-default\">\n\t\t\t\t\t<div class=\"elementor-column elementor-col-100 elementor-top-column elementor-element elementor-element-110657e\" data-id=\"110657e\" data-element_type=\"column\" data-e-type=\"column\">\n\t\t\t<div class=\"elementor-widget-wrap elementor-element-populated\">\n\t\t\t\t\t\t<div class=\"elementor-element elementor-element-44e6468 elementor-widget-divider--view-line elementor-widget elementor-widget-divider\" data-id=\"44e6468\" data-element_type=\"widget\" data-e-type=\"widget\" data-widget_type=\"divider.default\">\n\t\t\t\t<div class=\"elementor-widget-container\">\n\t\t\t\t\t\t\t<div class=\"elementor-divider\">\n\t\t\t<span class=\"elementor-divider-separator\">\n\t\t\t\t\t\t<\/span>\n\t\t<\/div>\n\t\t\t\t\t\t<\/div>\n\t\t\t\t<\/div>\n\t\t\t\t\t<\/div>\n\t\t<\/div>\n\t\t\t\t\t<\/div>\n\t\t<\/section>\n\t\t\t\t<section class=\"elementor-section elementor-top-section elementor-element elementor-element-5b7ed55 elementor-section-boxed elementor-section-height-default elementor-section-height-default\" data-id=\"5b7ed55\" data-element_type=\"section\" data-e-type=\"section\">\n\t\t\t\t\t\t<div class=\"elementor-container elementor-column-gap-default\">\n\t\t\t\t\t<div class=\"elementor-column elementor-col-100 elementor-top-column elementor-element elementor-element-cf3373f\" data-id=\"cf3373f\" data-element_type=\"column\" data-e-type=\"column\">\n\t\t\t<div class=\"elementor-widget-wrap elementor-element-populated\">\n\t\t\t\t\t\t<div class=\"elementor-element elementor-element-ca6d5c8 elementor-widget elementor-widget-text-editor\" data-id=\"ca6d5c8\" data-element_type=\"widget\" data-e-type=\"widget\" data-widget_type=\"text-editor.default\">\n\t\t\t\t<div class=\"elementor-widget-container\">\n\t\t\t\t\t\t\t\t\t<p>O apoio ao estudo \u00e9 uma atividade que permite ao aluno acompanhar todas as mat\u00e9rias, promovendo o estudo di\u00e1rio, permitindo melhorar o aproveitamento escolar com menor esfor\u00e7o, pois a mecaniza\u00e7\u00e3o permite a consolida\u00e7\u00e3o de conhecimentos e a cria\u00e7\u00e3o de m\u00e9todos de trabalho.<\/p><p>Compreende a realiza\u00e7\u00e3o de trabalhos de casa e esclarecimento de d\u00favidas relativas \u00e0s mat\u00e9rias dadas.<\/p><p>Por forma a uma melhoria constante da sua auto-estima, o aluno \u00e9 encorajado a envolver-se coma as mat\u00e9rias, tornado-se assim o seu estudo muito mais agrad\u00e1vel e criando no aluno uma vontade de descobrir.<\/p><p>Hor\u00e1rio e tempo a combinar, de acordo com o ano escolar e com as necessidades do aluno.<\/p>\t\t\t\t\t\t\t\t<\/div>\n\t\t\t\t<\/div>\n\t\t\t\t\t<\/div>\n\t\t<\/div>\n\t\t\t\t\t<\/div>\n\t\t<\/section>\n\t\t\t\t<section class=\"elementor-section elementor-top-section elementor-element elementor-element-6a52bc8 elementor-section-boxed elementor-section-height-default elementor-section-height-default\" data-id=\"6a52bc8\" data-element_type=\"section\" data-e-type=\"section\">\n\t\t\t\t\t\t<div class=\"elementor-container elementor-column-gap-default\">\n\t\t\t\t\t<div class=\"elementor-column elementor-col-100 elementor-top-column elementor-element elementor-element-9d7dd93\" data-id=\"9d7dd93\" data-element_type=\"column\" data-e-type=\"column\">\n\t\t\t<div class=\"elementor-widget-wrap elementor-element-populated\">\n\t\t\t\t\t\t<div class=\"elementor-element elementor-element-68952d3 elementor-widget-divider--view-line elementor-widget elementor-widget-divider\" data-id=\"68952d3\" data-element_type=\"widget\" data-e-type=\"widget\" data-widget_type=\"divider.default\">\n\t\t\t\t<div class=\"elementor-widget-container\">\n\t\t\t\t\t\t\t<div class=\"elementor-divider\">\n\t\t\t<span class=\"elementor-divider-separator\">\n\t\t\t\t\t\t<\/span>\n\t\t<\/div>\n\t\t\t\t\t\t<\/div>\n\t\t\t\t<\/div>\n\t\t\t\t\t<\/div>\n\t\t<\/div>\n\t\t\t\t\t<\/div>\n\t\t<\/section>\n\t\t\t\t<\/div>\n\t\t","protected":false},"excerpt":{"rendered":"<p>O apoio ao estudo \u00e9 uma atividade que permite ao aluno acompanhar todas as mat\u00e9rias, promovendo o estudo di\u00e1rio, permitindo melhorar o aproveitamento escolar com menor esfor\u00e7o, pois a mecaniza\u00e7\u00e3o permite a consolida\u00e7\u00e3o de conhecimentos e a cria\u00e7\u00e3o de m\u00e9todos de trabalho. Compreende a realiza\u00e7\u00e3o de trabalhos de casa e esclarecimento de d\u00favidas relativas \u00e0s&#8230;<\/p>\n","protected":false},"author":1,"featured_media":0,"parent":0,"menu_order":0,"comment_status":"closed","ping_status":"closed","template":"","meta":{"_kad_post_transparent":"","_kad_post_title":"","_kad_post_layout":"","_kad_post_sidebar_id":"","_kad_post_content_style":"","_kad_post_vertical_padding":"","_kad_post_feature":"","_kad_post_feature_position":"","_kad_post_header":false,"_kad_post_footer":false,"_kad_post_classname":"","footnotes":""},"class_list":["post-146","page","type-page","status-publish","hentry"],"_links":{"self":[{"href":"https:\/\/armazemdastropelias.pt\/index.php?rest_route=\/wp\/v2\/pages\/146","targetHints":{"allow":["GET"]}}],"collection":[{"href":"https:\/\/armazemdastropelias.pt\/index.php?rest_route=\/wp\/v2\/pages"}],"about":[{"href":"https:\/\/armazemdastropelias.pt\/index.php?rest_route=\/wp\/v2\/types\/page"}],"author":[{"embeddable":true,"href":"https:\/\/armazemdastropelias.pt\/index.php?rest_route=\/wp\/v2\/users\/1"}],"replies":[{"embeddable":true,"href":"https:\/\/armazemdastropelias.pt\/index.php?rest_route=%2Fwp%2Fv2%2Fcomments&post=146"}],"version-history":[{"count":14,"href":"https:\/\/armazemdastropelias.pt\/index.php?rest_route=\/wp\/v2\/pages\/146\/revisions"}],"predecessor-version":[{"id":1918,"href":"https:\/\/armazemdastropelias.pt\/index.php?rest_route=\/wp\/v2\/pages\/146\/revisions\/1918"}],"wp:attachment":[{"href":"https:\/\/armazemdastropelias.pt\/index.php?rest_route=%2Fwp%2Fv2%2Fmedia&parent=146"}],"curies":[{"name":"wp","href":"https:\/\/api.w.org\/{rel}","templated":true}]}}