{"id":1276,"date":"2025-03-17T11:40:20","date_gmt":"2025-03-17T11:40:20","guid":{"rendered":"https:\/\/armazemdastropelias.pt\/?page_id=1276"},"modified":"2025-04-16T15:47:11","modified_gmt":"2025-04-16T15:47:11","slug":"introducao-aniversario","status":"publish","type":"page","link":"https:\/\/armazemdastropelias.pt\/?page_id=1276","title":{"rendered":"Introdu\u00e7\u00e3o de Anivers\u00e1rio"},"content":{"rendered":"\t\t<div data-elementor-type=\"wp-page\" data-elementor-id=\"1276\" class=\"elementor elementor-1276\">\n\t\t\t\t\t\t<section class=\"elementor-section elementor-top-section elementor-element elementor-element-d241375 elementor-section-boxed elementor-section-height-default elementor-section-height-default\" data-id=\"d241375\" data-element_type=\"section\" data-e-type=\"section\">\n\t\t\t\t\t\t<div class=\"elementor-container elementor-column-gap-default\">\n\t\t\t\t\t<div class=\"elementor-column elementor-col-100 elementor-top-column elementor-element elementor-element-d60f3d5\" data-id=\"d60f3d5\" data-element_type=\"column\" data-e-type=\"column\">\n\t\t\t<div class=\"elementor-widget-wrap elementor-element-populated\">\n\t\t\t\t\t\t<div class=\"elementor-element elementor-element-0d653de elementor-widget-divider--view-line elementor-widget elementor-widget-divider\" data-id=\"0d653de\" data-element_type=\"widget\" data-e-type=\"widget\" data-widget_type=\"divider.default\">\n\t\t\t\t<div class=\"elementor-widget-container\">\n\t\t\t\t\t\t\t<div class=\"elementor-divider\">\n\t\t\t<span class=\"elementor-divider-separator\">\n\t\t\t\t\t\t<\/span>\n\t\t<\/div>\n\t\t\t\t\t\t<\/div>\n\t\t\t\t<\/div>\n\t\t\t\t\t<\/div>\n\t\t<\/div>\n\t\t\t\t\t<\/div>\n\t\t<\/section>\n\t\t\t\t<section class=\"elementor-section elementor-top-section elementor-element elementor-element-aa31bef elementor-section-boxed elementor-section-height-default elementor-section-height-default\" data-id=\"aa31bef\" data-element_type=\"section\" data-e-type=\"section\">\n\t\t\t\t\t\t<div class=\"elementor-container elementor-column-gap-default\">\n\t\t\t\t\t<div class=\"elementor-column elementor-col-100 elementor-top-column elementor-element elementor-element-03914d2\" data-id=\"03914d2\" data-element_type=\"column\" data-e-type=\"column\">\n\t\t\t<div class=\"elementor-widget-wrap elementor-element-populated\">\n\t\t\t\t\t\t<div class=\"elementor-element elementor-element-d531505 elementor-widget elementor-widget-text-editor\" data-id=\"d531505\" data-element_type=\"widget\" data-e-type=\"widget\" data-widget_type=\"text-editor.default\">\n\t\t\t\t<div class=\"elementor-widget-container\">\n\t\t\t\t\t\t\t\t\t<ul><li>O dia de anivers\u00e1rio \u00e9 um dia super importante e nada melhor que vir celebrar ao ARMAZ\u00c9M DAS TROPELIAS.<\/li><li>Como presente, oferecemos ao aniversariante o seu pr\u00f3prio lanche se trouxer pelo menos 5 amigos com ele.<\/li><li>As festas de anivers\u00e1rio t\u00eam a dura\u00e7\u00e3o de aproximadamente 3 horas:<\/li><li>2 horas e meia de brincadeira\u00a0e\u00a030 minutos de lanche!<\/li><li>Pode fazer uma pr\u00e9-reserva na\u00a0<a href=\"https:\/\/armazemdastropelias.pt\/ficha-de-inscricao-aniversario\/\" target=\"_blank\" rel=\"noopener noreferrer\"><strong>Ficha de Inscri\u00e7\u00e3o<\/strong><\/a> e posteriormente receber\u00e1 um mail de confirma\u00e7\u00e3o.<\/li><li><p><strong>20% do valor estimado, que perder\u00e1 em caso de desist\u00eancia.<\/strong><\/p><\/li><li>Ap\u00f3s a confirma\u00e7\u00e3o do pagamento a reserva ficar\u00e1 confirmada.<\/li><li>Realizamos festas para crian\u00e7as dos 3 aos 12 anos de idade. Para crian\u00e7as com idade inferior dispomos de um babypark que ficar\u00e1 ao cuidado dos pais ou familiares das crian\u00e7as.<\/li><li>Para as mais velhas (a partir dos 3 anos) dispomos de v\u00e1rios equipamentos no parque de divers\u00f5es (pode consultar o separador).<\/li><li>Oferecemos tamb\u00e9m o convite, que pode descarregar\u00a0<a href=\"https:\/\/armazemdastropelias.pt\/wp\/convites\/\" target=\"_blank\" rel=\"noopener noreferrer\">aqui<\/a>.<\/li><\/ul><p><strong>Aberto de Segunda a Sexta das 15:00 \u00e0s 19:30 horas.<\/strong><\/p><p><strong>Fins de Semana e Feriados das 10:00 \u00e0s 13:00 e das 14:00 \u00e0s 20:00 horas.<\/strong><\/p>\t\t\t\t\t\t\t\t<\/div>\n\t\t\t\t<\/div>\n\t\t\t\t\t<\/div>\n\t\t<\/div>\n\t\t\t\t\t<\/div>\n\t\t<\/section>\n\t\t\t\t<section class=\"elementor-section elementor-top-section elementor-element elementor-element-bbef0d3 elementor-section-boxed elementor-section-height-default elementor-section-height-default\" data-id=\"bbef0d3\" data-element_type=\"section\" data-e-type=\"section\">\n\t\t\t\t\t\t<div class=\"elementor-container elementor-column-gap-default\">\n\t\t\t\t\t<div class=\"elementor-column elementor-col-100 elementor-top-column elementor-element elementor-element-f81198d\" data-id=\"f81198d\" data-element_type=\"column\" data-e-type=\"column\">\n\t\t\t<div class=\"elementor-widget-wrap elementor-element-populated\">\n\t\t\t\t\t\t<div class=\"elementor-element elementor-element-82b4b38 elementor-widget-divider--view-line elementor-widget elementor-widget-divider\" data-id=\"82b4b38\" data-element_type=\"widget\" data-e-type=\"widget\" data-widget_type=\"divider.default\">\n\t\t\t\t<div class=\"elementor-widget-container\">\n\t\t\t\t\t\t\t<div class=\"elementor-divider\">\n\t\t\t<span class=\"elementor-divider-separator\">\n\t\t\t\t\t\t<\/span>\n\t\t<\/div>\n\t\t\t\t\t\t<\/div>\n\t\t\t\t<\/div>\n\t\t\t\t\t<\/div>\n\t\t<\/div>\n\t\t\t\t\t<\/div>\n\t\t<\/section>\n\t\t\t\t<\/div>\n\t\t","protected":false},"excerpt":{"rendered":"<p>O dia de anivers\u00e1rio \u00e9 um dia super importante e nada melhor que vir celebrar ao ARMAZ\u00c9M DAS TROPELIAS. Como presente, oferecemos ao aniversariante o seu pr\u00f3prio lanche se trouxer pelo menos 5 amigos com ele. As festas de anivers\u00e1rio t\u00eam a dura\u00e7\u00e3o de aproximadamente 3 horas: 2 horas e meia de brincadeira\u00a0e\u00a030 minutos de&#8230;<\/p>\n","protected":false},"author":1,"featured_media":0,"parent":0,"menu_order":0,"comment_status":"closed","ping_status":"closed","template":"","meta":{"_kad_post_transparent":"","_kad_post_title":"","_kad_post_layout":"","_kad_post_sidebar_id":"","_kad_post_content_style":"","_kad_post_vertical_padding":"","_kad_post_feature":"","_kad_post_feature_position":"","_kad_post_header":false,"_kad_post_footer":false,"_kad_post_classname":"","footnotes":""},"class_list":["post-1276","page","type-page","status-publish","hentry"],"_links":{"self":[{"href":"https:\/\/armazemdastropelias.pt\/index.php?rest_route=\/wp\/v2\/pages\/1276","targetHints":{"allow":["GET"]}}],"collection":[{"href":"https:\/\/armazemdastropelias.pt\/index.php?rest_route=\/wp\/v2\/pages"}],"about":[{"href":"https:\/\/armazemdastropelias.pt\/index.php?rest_route=\/wp\/v2\/types\/page"}],"author":[{"embeddable":true,"href":"https:\/\/armazemdastropelias.pt\/index.php?rest_route=\/wp\/v2\/users\/1"}],"replies":[{"embeddable":true,"href":"https:\/\/armazemdastropelias.pt\/index.php?rest_route=%2Fwp%2Fv2%2Fcomments&post=1276"}],"version-history":[{"count":34,"href":"https:\/\/armazemdastropelias.pt\/index.php?rest_route=\/wp\/v2\/pages\/1276\/revisions"}],"predecessor-version":[{"id":2209,"href":"https:\/\/armazemdastropelias.pt\/index.php?rest_route=\/wp\/v2\/pages\/1276\/revisions\/2209"}],"wp:attachment":[{"href":"https:\/\/armazemdastropelias.pt\/index.php?rest_route=%2Fwp%2Fv2%2Fmedia&parent=1276"}],"curies":[{"name":"wp","href":"https:\/\/api.w.org\/{rel}","templated":true}]}}